{"id":1051,"date":"2022-05-18T15:33:14","date_gmt":"2022-05-18T15:33:14","guid":{"rendered":"https:\/\/retrosystem.eu\/bpw-group\/"},"modified":"2024-04-09T07:31:50","modified_gmt":"2024-04-09T07:31:50","slug":"bpw-group","status":"publish","type":"page","link":"https:\/\/retrosystem.eu\/de\/bpw-group\/","title":{"rendered":"BPW Group"},"content":{"rendered":"[vc_row type=&#8220;full_width_background&#8220; full_screen_row_position=&#8220;middle&#8220; column_margin=&#8220;default&#8220; column_direction=&#8220;default&#8220; column_direction_tablet=&#8220;default&#8220; column_direction_phone=&#8220;default&#8220; bg_image=&#8220;1893&#8243; bg_position=&#8220;left top&#8220; background_image_loading=&#8220;default&#8220; bg_repeat=&#8220;no-repeat&#8220; full_height=&#8220;yes&#8220; scene_position=&#8220;center&#8220; text_color=&#8220;light&#8220; text_align=&#8220;left&#8220; row_border_radius=&#8220;none&#8220; row_border_radius_applies=&#8220;bg&#8220; overflow=&#8220;visible&#8220; color_overlay=&#8220;rgba(0,0,0,0.18)&#8220; color_overlay_2=&#8220;rgba(0,0,0,0.4)&#8220; advanced_gradient_angle=&#8220;0&#8243; overlay_strength=&#8220;0.3&#8243; gradient_direction=&#8220;left_to_right&#8220; shape_divider_position=&#8220;bottom&#8220; bg_image_animation=&#8220;none&#8220; parallax_bg=&#8220;true&#8220; parallax_bg_speed=&#8220;slow&#8220; gradient_type=&#8220;default&#8220; shape_type=&#8220;&#8220;][vc_column column_padding=&#8220;no-extra-padding&#8220; column_padding_tablet=&#8220;inherit&#8220; column_padding_phone=&#8220;inherit&#8220; column_padding_position=&#8220;all&#8220; column_element_direction_desktop=&#8220;default&#8220; column_element_spacing=&#8220;default&#8220; desktop_text_alignment=&#8220;default&#8220; tablet_text_alignment=&#8220;default&#8220; phone_text_alignment=&#8220;default&#8220; background_color_opacity=&#8220;1&#8243; background_hover_color_opacity=&#8220;1&#8243; column_backdrop_filter=&#8220;none&#8220; column_shadow=&#8220;none&#8220; column_border_radius=&#8220;none&#8220; column_link_target=&#8220;_self&#8220; column_position=&#8220;default&#8220; advanced_gradient_angle=&#8220;0&#8243; gradient_direction=&#8220;left_to_right&#8220; overlay_strength=&#8220;0.3&#8243; width=&#8220;1\/3&#8243; tablet_width_inherit=&#8220;default&#8220; animation_type=&#8220;default&#8220; enable_animation=&#8220;true&#8220; animation=&#8220;fade-in-from-left&#8220; animation_easing=&#8220;default&#8220; bg_image_animation=&#8220;none&#8220; border_type=&#8220;simple&#8220; column_border_width=&#8220;none&#8220; column_border_style=&#8220;solid&#8220; gradient_type=&#8220;default&#8220;][vc_custom_heading text=&#8220;BPW<br \/>\nGroup&#8220; font_container=&#8220;tag:h1|text_align:left|color:%230062ff&#8220; use_theme_fonts=&#8220;yes&#8220; css=&#8220;.vc_custom_1712324934332{margin-bottom: 27px !important;}&#8220; el_class=&#8220;blue-line white-line&#8220;][vc_custom_heading text=&#8220;DIE PARTNERSCHAFT&#8220; font_container=&#8220;tag:h6|text_align:left|color:%23666666&#8243; use_theme_fonts=&#8220;yes&#8220; css=&#8220;.vc_custom_1712324964021{padding-bottom: 10px !important;}&#8220;][vc_column_text css=&#8220;.vc_custom_1712647905016{padding-bottom: 50px !important;}&#8220; text_direction=&#8220;default&#8220;]\n<div><span lang=\"DE\" style=\"color: #303030;\">Weltweit f\u00fchrend im Bereich der Achsen f\u00fcr Anh\u00e4nger und Sattelanh\u00e4nger.<\/span><\/div>\n[\/vc_column_text][nectar_cta btn_style=&#8220;next-section&#8220; btn_type=&#8220;minimal-arrow&#8220; next_section_color=&#8220;#0062ff&#8220; alignment=&#8220;left&#8220; alignment_tablet=&#8220;default&#8220; alignment_phone=&#8220;default&#8220; display_tablet=&#8220;inherit&#8220; display_phone=&#8220;inherit&#8220;][\/vc_column][vc_column column_padding=&#8220;no-extra-padding&#8220; column_padding_tablet=&#8220;inherit&#8220; column_padding_phone=&#8220;inherit&#8220; column_padding_position=&#8220;all&#8220; column_element_direction_desktop=&#8220;default&#8220; column_element_spacing=&#8220;default&#8220; desktop_text_alignment=&#8220;default&#8220; tablet_text_alignment=&#8220;default&#8220; phone_text_alignment=&#8220;default&#8220; background_color_opacity=&#8220;1&#8243; background_hover_color_opacity=&#8220;1&#8243; column_backdrop_filter=&#8220;none&#8220; column_shadow=&#8220;none&#8220; column_border_radius=&#8220;none&#8220; column_link_target=&#8220;_self&#8220; column_position=&#8220;default&#8220; gradient_direction=&#8220;left_to_right&#8220; overlay_strength=&#8220;0.3&#8243; width=&#8220;1\/3&#8243; tablet_width_inherit=&#8220;default&#8220; animation_type=&#8220;default&#8220; bg_image_animation=&#8220;none&#8220; border_type=&#8220;simple&#8220; column_border_width=&#8220;none&#8220; column_border_style=&#8220;solid&#8220;][\/vc_column][vc_column column_padding=&#8220;no-extra-padding&#8220; column_padding_tablet=&#8220;inherit&#8220; column_padding_phone=&#8220;inherit&#8220; column_padding_position=&#8220;all&#8220; column_element_direction_desktop=&#8220;default&#8220; column_element_spacing=&#8220;default&#8220; desktop_text_alignment=&#8220;default&#8220; tablet_text_alignment=&#8220;default&#8220; phone_text_alignment=&#8220;default&#8220; background_color_opacity=&#8220;1&#8243; background_hover_color_opacity=&#8220;1&#8243; column_backdrop_filter=&#8220;none&#8220; column_shadow=&#8220;none&#8220; column_border_radius=&#8220;none&#8220; column_link_target=&#8220;_self&#8220; column_position=&#8220;default&#8220; gradient_direction=&#8220;left_to_right&#8220; overlay_strength=&#8220;0.3&#8243; width=&#8220;1\/3&#8243; tablet_width_inherit=&#8220;default&#8220; animation_type=&#8220;default&#8220; bg_image_animation=&#8220;none&#8220; border_type=&#8220;simple&#8220; column_border_width=&#8220;none&#8220; column_border_style=&#8220;solid&#8220;][\/vc_column][\/vc_row][vc_row type=&#8220;full_width_background&#8220; full_screen_row_position=&#8220;middle&#8220; column_margin=&#8220;default&#8220; column_direction=&#8220;default&#8220; column_direction_tablet=&#8220;default&#8220; column_direction_phone=&#8220;default&#8220; scene_position=&#8220;center&#8220; top_padding=&#8220;5%&#8220; constrain_group_1=&#8220;yes&#8220; bottom_padding=&#8220;5%&#8220; text_color=&#8220;dark&#8220; text_align=&#8220;left&#8220; row_border_radius=&#8220;none&#8220; row_border_radius_applies=&#8220;bg&#8220; overflow=&#8220;visible&#8220; enable_gradient=&#8220;true&#8220; color_overlay=&#8220;#ffffff&#8220; color_overlay_2=&#8220;rgba(255,255,255,0.01)&#8220; advanced_gradient_angle=&#8220;0&#8243; overlay_strength=&#8220;0.95&#8243; gradient_direction=&#8220;left_to_right&#8220; shape_divider_position=&#8220;bottom&#8220; bg_image_animation=&#8220;none&#8220; gradient_type=&#8220;default&#8220; shape_type=&#8220;&#8220;][vc_column column_padding=&#8220;no-extra-padding&#8220; column_padding_tablet=&#8220;inherit&#8220; column_padding_phone=&#8220;inherit&#8220; column_padding_position=&#8220;all&#8220; column_element_direction_desktop=&#8220;default&#8220; column_element_spacing=&#8220;default&#8220; desktop_text_alignment=&#8220;default&#8220; tablet_text_alignment=&#8220;default&#8220; phone_text_alignment=&#8220;default&#8220; background_color_opacity=&#8220;1&#8243; background_hover_color_opacity=&#8220;1&#8243; column_backdrop_filter=&#8220;none&#8220; column_shadow=&#8220;none&#8220; column_border_radius=&#8220;none&#8220; column_link_target=&#8220;_self&#8220; column_position=&#8220;default&#8220; advanced_gradient_angle=&#8220;0&#8243; gradient_direction=&#8220;left_to_right&#8220; overlay_strength=&#8220;0.3&#8243; width=&#8220;1\/2&#8243; tablet_width_inherit=&#8220;default&#8220; animation_type=&#8220;default&#8220; enable_animation=&#8220;true&#8220; animation=&#8220;fade-in-from-left&#8220; animation_easing=&#8220;default&#8220; bg_image_animation=&#8220;none&#8220; border_type=&#8220;simple&#8220; column_border_width=&#8220;none&#8220; column_border_style=&#8220;solid&#8220; gradient_type=&#8220;default&#8220;][vc_custom_heading text=&#8220;Die Partnerschaft&#8220; font_container=&#8220;tag:h2|text_align:left|color:%23000000&#8243; use_theme_fonts=&#8220;yes&#8220; css=&#8220;.vc_custom_1657525163300{margin-bottom: 27px !important;}&#8220;][nectar_highlighted_text color_type=&#8220;gradient&#8220; highlight_color=&#8220;#0062ff&#8220; secondary_color=&#8220;rgba(0,98,255,0.01)&#8220; style=&#8220;regular_underline&#8220; highlight_expansion=&#8220;default&#8220; underline_thickness=&#8220;default&#8220; delay=&#8220;200&#8243;]\n<h3 style=\"font-weight: 400;\"><span style=\"color: #000000;\">Unsere Entwicklungs- und Produktionskapazit\u00e4ten und ihre Anwendungsm\u00f6glichkeiten in den Bereichen <em>Achsen<\/em> und <em>Vertrieb<\/em>.<\/span><\/h3>\n[\/nectar_highlighted_text][vc_column_text css=&#8220;.vc_custom_1657525357631{padding-bottom: 50px !important;}&#8220;]\n<p style=\"font-weight: 400;\">BPW wurde 1898 in Deutschland gegr\u00fcndet und hat sich seit jeher der Forschung, Entwicklung und Produktion von nachhaltigen, effizienten und sicheren L\u00f6sungen f\u00fcr Transport und Logistik verschrieben.<\/p>\n<p style=\"font-weight: 400;\">Mit 7.000 Mitarbeitern erzielt das Unternehmen heute einen Umsatz von 1,4 Milliarden Euro und ist damit Weltmarktf\u00fchrer bei Anh\u00e4nger- und Sattelanh\u00e4ngerachsen.<\/p>\n[\/vc_column_text][\/vc_column][vc_column column_padding=&#8220;no-extra-padding&#8220; column_padding_tablet=&#8220;inherit&#8220; column_padding_phone=&#8220;inherit&#8220; column_padding_position=&#8220;all&#8220; column_element_direction_desktop=&#8220;default&#8220; column_element_spacing=&#8220;default&#8220; desktop_text_alignment=&#8220;default&#8220; tablet_text_alignment=&#8220;default&#8220; phone_text_alignment=&#8220;default&#8220; background_color_opacity=&#8220;1&#8243; background_hover_color_opacity=&#8220;1&#8243; column_backdrop_filter=&#8220;none&#8220; column_shadow=&#8220;none&#8220; column_border_radius=&#8220;none&#8220; column_link_target=&#8220;_self&#8220; column_position=&#8220;default&#8220; gradient_direction=&#8220;left_to_right&#8220; overlay_strength=&#8220;0.3&#8243; width=&#8220;1\/2&#8243; tablet_width_inherit=&#8220;default&#8220; animation_type=&#8220;default&#8220; bg_image_animation=&#8220;none&#8220; border_type=&#8220;simple&#8220; column_border_width=&#8220;none&#8220; column_border_style=&#8220;solid&#8220;][\/vc_column][\/vc_row][vc_row type=&#8220;full_width_background&#8220; full_screen_row_position=&#8220;middle&#8220; column_margin=&#8220;default&#8220; column_direction=&#8220;default&#8220; column_direction_tablet=&#8220;default&#8220; column_direction_phone=&#8220;default&#8220; bg_color=&#8220;rgba(0,98,255,0)&#8220; bg_image=&#8220;384&#8243; bg_position=&#8220;left bottom&#8220; background_image_loading=&#8220;default&#8220; bg_repeat=&#8220;no-repeat&#8220; scene_position=&#8220;center&#8220; top_padding=&#8220;5%&#8220; constrain_group_1=&#8220;yes&#8220; bottom_padding=&#8220;5%&#8220; text_color=&#8220;light&#8220; text_align=&#8220;left&#8220; row_border_radius=&#8220;none&#8220; row_border_radius_applies=&#8220;bg&#8220; overflow=&#8220;visible&#8220; color_overlay=&#8220;rgba(0,19,89,0.69)&#8220; color_overlay_2=&#8220;rgba(255,255,255,0.01)&#8220; advanced_gradient_angle=&#8220;0&#8243; overlay_strength=&#8220;1&#8243; gradient_direction=&#8220;left_to_right&#8220; shape_divider_position=&#8220;bottom&#8220; bg_image_animation=&#8220;zoom-out-reveal&#8220; parallax_bg=&#8220;true&#8220; parallax_bg_speed=&#8220;fixed&#8220; gradient_type=&#8220;default&#8220; shape_type=&#8220;&#8220;][vc_column column_padding=&#8220;no-extra-padding&#8220; column_padding_tablet=&#8220;inherit&#8220; column_padding_phone=&#8220;inherit&#8220; column_padding_position=&#8220;all&#8220; column_element_direction_desktop=&#8220;default&#8220; column_element_spacing=&#8220;default&#8220; desktop_text_alignment=&#8220;default&#8220; tablet_text_alignment=&#8220;default&#8220; phone_text_alignment=&#8220;default&#8220; background_color_opacity=&#8220;1&#8243; background_hover_color_opacity=&#8220;1&#8243; column_backdrop_filter=&#8220;none&#8220; column_shadow=&#8220;none&#8220; column_border_radius=&#8220;none&#8220; column_link_target=&#8220;_self&#8220; column_position=&#8220;default&#8220; gradient_direction=&#8220;left_to_right&#8220; overlay_strength=&#8220;0.3&#8243; width=&#8220;1\/3&#8243; tablet_width_inherit=&#8220;default&#8220; animation_type=&#8220;default&#8220; bg_image_animation=&#8220;none&#8220; border_type=&#8220;simple&#8220; column_border_width=&#8220;none&#8220; column_border_style=&#8220;solid&#8220;][\/vc_column][vc_column column_padding=&#8220;no-extra-padding&#8220; column_padding_tablet=&#8220;inherit&#8220; column_padding_phone=&#8220;inherit&#8220; column_padding_position=&#8220;all&#8220; column_element_direction_desktop=&#8220;default&#8220; column_element_spacing=&#8220;default&#8220; desktop_text_alignment=&#8220;default&#8220; tablet_text_alignment=&#8220;default&#8220; phone_text_alignment=&#8220;default&#8220; background_color_opacity=&#8220;1&#8243; background_hover_color_opacity=&#8220;1&#8243; column_backdrop_filter=&#8220;none&#8220; column_shadow=&#8220;none&#8220; column_border_radius=&#8220;none&#8220; column_link_target=&#8220;_self&#8220; column_position=&#8220;default&#8220; gradient_direction=&#8220;left_to_right&#8220; overlay_strength=&#8220;0.3&#8243; width=&#8220;1\/3&#8243; tablet_width_inherit=&#8220;default&#8220; animation_type=&#8220;default&#8220; bg_image_animation=&#8220;none&#8220; border_type=&#8220;simple&#8220; column_border_width=&#8220;none&#8220; column_border_style=&#8220;solid&#8220;][vc_custom_heading text=&#8220;Grosse M\u00f6glichkeiten&#8220; font_container=&#8220;tag:h2|text_align:center|color:%23ffffff&#8220; use_theme_fonts=&#8220;yes&#8220; css=&#8220;.vc_custom_1657616796059{margin-bottom: 27px !important;}&#8220;][vc_column_text css_animation=&#8220;fadeIn&#8220; css=&#8220;.vc_custom_1657616783564{padding-bottom: 50px !important;}&#8220;]\n<div>\n<p class=\"Corpo\" style=\"text-align: center;\"><span lang=\"DE\">Dank ihres ausgedehnten Vertriebsnetzes und ihrer Produktionsst\u00e4tten in 50 L\u00e4ndern kann unser System nahezu weltweit verkauft werden. BPW hat au\u00dferdem hochmoderne Pr\u00fcf- und Validierungslabors eingerichtet, um Forschung und Entwicklung zu unterst\u00fctzen.<\/span><\/p>\n<\/div>\n[\/vc_column_text][\/vc_column][vc_column column_padding=&#8220;no-extra-padding&#8220; column_padding_tablet=&#8220;inherit&#8220; column_padding_phone=&#8220;inherit&#8220; column_padding_position=&#8220;all&#8220; column_element_direction_desktop=&#8220;default&#8220; column_element_spacing=&#8220;default&#8220; desktop_text_alignment=&#8220;default&#8220; tablet_text_alignment=&#8220;default&#8220; phone_text_alignment=&#8220;default&#8220; background_color_opacity=&#8220;1&#8243; background_hover_color_opacity=&#8220;1&#8243; column_backdrop_filter=&#8220;none&#8220; column_shadow=&#8220;none&#8220; column_border_radius=&#8220;none&#8220; column_link_target=&#8220;_self&#8220; column_position=&#8220;default&#8220; gradient_direction=&#8220;left_to_right&#8220; overlay_strength=&#8220;0.3&#8243; width=&#8220;1\/3&#8243; tablet_width_inherit=&#8220;default&#8220; animation_type=&#8220;default&#8220; bg_image_animation=&#8220;none&#8220; border_type=&#8220;simple&#8220; column_border_width=&#8220;none&#8220; column_border_style=&#8220;solid&#8220;][\/vc_column][\/vc_row][vc_row type=&#8220;full_width_content&#8220; full_screen_row_position=&#8220;middle&#8220; column_margin=&#8220;default&#8220; equal_height=&#8220;yes&#8220; content_placement=&#8220;middle&#8220; column_direction=&#8220;default&#8220; column_direction_tablet=&#8220;default&#8220; column_direction_phone=&#8220;default&#8220; scene_position=&#8220;center&#8220; top_padding=&#8220;5%&#8220; constrain_group_1=&#8220;yes&#8220; bottom_padding=&#8220;5%&#8220; text_color=&#8220;dark&#8220; text_align=&#8220;left&#8220; row_border_radius=&#8220;none&#8220; row_border_radius_applies=&#8220;bg&#8220; overflow=&#8220;visible&#8220; advanced_gradient_angle=&#8220;0&#8243; overlay_strength=&#8220;0.3&#8243; gradient_direction=&#8220;left_to_right&#8220; shape_divider_position=&#8220;bottom&#8220; bg_image_animation=&#8220;none&#8220; gradient_type=&#8220;default&#8220; shape_type=&#8220;&#8220;][vc_column column_padding=&#8220;no-extra-padding&#8220; column_padding_tablet=&#8220;inherit&#8220; column_padding_phone=&#8220;inherit&#8220; column_padding_position=&#8220;all&#8220; column_element_direction_desktop=&#8220;default&#8220; column_element_spacing=&#8220;default&#8220; desktop_text_alignment=&#8220;default&#8220; tablet_text_alignment=&#8220;default&#8220; phone_text_alignment=&#8220;default&#8220; background_color_opacity=&#8220;1&#8243; background_hover_color_opacity=&#8220;1&#8243; column_backdrop_filter=&#8220;none&#8220; column_shadow=&#8220;none&#8220; column_border_radius=&#8220;none&#8220; column_link_target=&#8220;_self&#8220; column_position=&#8220;default&#8220; gradient_direction=&#8220;left_to_right&#8220; overlay_strength=&#8220;0.3&#8243; width=&#8220;1\/3&#8243; tablet_width_inherit=&#8220;default&#8220; animation_type=&#8220;default&#8220; bg_image_animation=&#8220;none&#8220; border_type=&#8220;simple&#8220; column_border_width=&#8220;none&#8220; column_border_style=&#8220;solid&#8220;][image_with_animation image_url=&#8220;532&#8243; image_size=&#8220;full&#8220; animation_type=&#8220;entrance&#8220; animation=&#8220;Fade In&#8220; animation_easing=&#8220;default&#8220; animation_movement_type=&#8220;transform_y&#8220; hover_animation=&#8220;none&#8220; alignment=&#8220;&#8220; border_radius=&#8220;none&#8220; box_shadow=&#8220;none&#8220; image_loading=&#8220;default&#8220; max_width=&#8220;100%&#8220; max_width_mobile=&#8220;default&#8220;][\/vc_column][vc_column column_padding=&#8220;no-extra-padding&#8220; column_padding_tablet=&#8220;inherit&#8220; column_padding_phone=&#8220;inherit&#8220; column_padding_position=&#8220;all&#8220; column_element_direction_desktop=&#8220;default&#8220; column_element_spacing=&#8220;default&#8220; desktop_text_alignment=&#8220;default&#8220; tablet_text_alignment=&#8220;default&#8220; phone_text_alignment=&#8220;default&#8220; background_color_opacity=&#8220;1&#8243; background_hover_color_opacity=&#8220;1&#8243; column_backdrop_filter=&#8220;none&#8220; column_shadow=&#8220;none&#8220; column_border_radius=&#8220;none&#8220; column_link_target=&#8220;_self&#8220; column_position=&#8220;default&#8220; gradient_direction=&#8220;left_to_right&#8220; overlay_strength=&#8220;0.3&#8243; width=&#8220;1\/6&#8243; tablet_width_inherit=&#8220;default&#8220; animation_type=&#8220;default&#8220; bg_image_animation=&#8220;none&#8220; border_type=&#8220;simple&#8220; column_border_width=&#8220;none&#8220; column_border_style=&#8220;solid&#8220;][\/vc_column][vc_column column_padding=&#8220;padding-5-percent&#8220; column_padding_tablet=&#8220;inherit&#8220; column_padding_phone=&#8220;inherit&#8220; column_padding_position=&#8220;all&#8220; column_element_direction_desktop=&#8220;default&#8220; column_element_spacing=&#8220;default&#8220; desktop_text_alignment=&#8220;default&#8220; tablet_text_alignment=&#8220;default&#8220; phone_text_alignment=&#8220;default&#8220; background_color_opacity=&#8220;1&#8243; background_hover_color_opacity=&#8220;1&#8243; column_backdrop_filter=&#8220;none&#8220; column_shadow=&#8220;none&#8220; column_border_radius=&#8220;none&#8220; column_link_target=&#8220;_self&#8220; column_position=&#8220;default&#8220; advanced_gradient_angle=&#8220;0&#8243; gradient_direction=&#8220;left_to_right&#8220; overlay_strength=&#8220;0.3&#8243; width=&#8220;3\/6&#8243; tablet_width_inherit=&#8220;default&#8220; animation_type=&#8220;default&#8220; bg_image_animation=&#8220;none&#8220; border_type=&#8220;simple&#8220; column_border_width=&#8220;none&#8220; column_border_style=&#8220;solid&#8220; gradient_type=&#8220;default&#8220;][nectar_icon_list animate=&#8220;true&#8220; color=&#8220;Accent-Color&#8220; direction=&#8220;vertical&#8220; icon_size=&#8220;medium&#8220; icon_style=&#8220;border&#8220;][nectar_icon_list_item icon_type=&#8220;icon&#8220; icon_family=&#8220;iconsmind&#8220; text_full_html=&#8220;simple&#8220; title=&#8220;List Item&#8220; id=&#8220;1712324815861-9&#8243; tab_id=&#8220;1712324815861-7&#8243; header=&#8220;Zusammenarbeit&#8220; text=&#8220;Der Einstieg von Retrosystem bei BPW ergab sich aus dem Bed\u00fcrfnis des Unternehmens, eine effektive L\u00f6sung f\u00fcr die Lenkung seiner Achsen zu finden, und unserem Bed\u00fcrfnis, unseren Markt zu erweitern. Dank unserer Entwicklungs- und Produktionskapazit\u00e4ten und der Anwendungs- und Vertriebskapazit\u00e4ten von BPW, die unser System in ihre Achsen integriert hat, waren wir in der Lage, die Bed\u00fcrfnisse der gro\u00dfen Kunden in ganz Europa zu erf\u00fcllen.&#8220; icon_iconsmind=&#8220;iconsmind-Affiliate&#8220;][\/nectar_icon_list_item][nectar_icon_list_item icon_type=&#8220;icon&#8220; icon_family=&#8220;iconsmind&#8220; text_full_html=&#8220;simple&#8220; title=&#8220;List Item&#8220; id=&#8220;1712324815877-7&#8243; tab_id=&#8220;1712324815878-10&#8243; header=&#8220;Synergie&#8220; text=&#8220;Wir arbeiten synergetisch an der Entwicklung neuer L\u00f6sungen und Anwendungen f\u00fcr unsere Systeme und testen sie in BPW Einrichtungen unter der Leitung von Ingenieuren aus beiden Unternehmen.&#8220; icon_iconsmind=&#8220;iconsmind-Cancer&#8220;][\/nectar_icon_list_item][nectar_icon_list_item icon_type=&#8220;icon&#8220; icon_family=&#8220;iconsmind&#8220; text_full_html=&#8220;simple&#8220; title=&#8220;List Item&#8220; id=&#8220;1712324815880-10&#8243; tab_id=&#8220;1712324815880-4&#8243; header=&#8220;Arbeitsweise eines Gro\u00dfunternehmens&#8220; text=&#8220;Dank dieser Zusammenarbeit konnten wir die Methoden und Arbeitsweisen eines gro\u00dfen multinationalen Unternehmens wie BPW \u00fcbernehmen, was der Produktqualit\u00e4t und unseren Arbeitsmethoden zugutekommt, w\u00e4hrend wir gleichzeitig die Vorteile eines kleinen Unternehmens bewahren konnten: Autonomie, Aufmerksamkeit, pers\u00f6nliche Beziehungen, Flexibilit\u00e4t und Schnelligkeit.&#8220; icon_iconsmind=&#8220;iconsmind-Loading-3&#8243;][\/nectar_icon_list_item][\/nectar_icon_list][\/vc_column][\/vc_row]\n","protected":false},"excerpt":{"rendered":"<p>[vc_row type=&#8220;full_width_background&#8220; full_screen_row_position=&#8220;middle&#8220; column_margin=&#8220;default&#8220; column_direction=&#8220;default&#8220; column_direction_tablet=&#8220;default&#8220; column_direction_phone=&#8220;default&#8220; bg_image=&#8220;1893&#8243; bg_position=&#8220;left top&#8220; background_image_loading=&#8220;default&#8220; bg_repeat=&#8220;no-repeat&#8220; full_height=&#8220;yes&#8220; scene_position=&#8220;center&#8220; text_color=&#8220;light&#8220; text_align=&#8220;left&#8220; row_border_radius=&#8220;none&#8220; row_border_radius_applies=&#8220;bg&#8220; overflow=&#8220;visible&#8220; color_overlay=&#8220;rgba(0,0,0,0.18)&#8220; color_overlay_2=&#8220;rgba(0,0,0,0.4)&#8220; advanced_gradient_angle=&#8220;0&#8243; overlay_strength=&#8220;0.3&#8243; gradient_direction=&#8220;left_to_right&#8220; shape_divider_position=&#8220;bottom&#8220; bg_image_animation=&#8220;none&#8220; parallax_bg=&#8220;true&#8220; parallax_bg_speed=&#8220;slow&#8220; gradient_type=&#8220;default&#8220; shape_type=&#8220;&#8220;][vc_column&#8230;<\/p>\n","protected":false},"author":1,"featured_media":938,"parent":0,"menu_order":0,"comment_status":"closed","ping_status":"closed","template":"","meta":{"footnotes":""},"class_list":["post-1051","page","type-page","status-publish","has-post-thumbnail"],"_links":{"self":[{"href":"https:\/\/retrosystem.eu\/de\/wp-json\/wp\/v2\/pages\/1051","targetHints":{"allow":["GET"]}}],"collection":[{"href":"https:\/\/retrosystem.eu\/de\/wp-json\/wp\/v2\/pages"}],"about":[{"href":"https:\/\/retrosystem.eu\/de\/wp-json\/wp\/v2\/types\/page"}],"author":[{"embeddable":true,"href":"https:\/\/retrosystem.eu\/de\/wp-json\/wp\/v2\/users\/1"}],"replies":[{"embeddable":true,"href":"https:\/\/retrosystem.eu\/de\/wp-json\/wp\/v2\/comments?post=1051"}],"version-history":[{"count":7,"href":"https:\/\/retrosystem.eu\/de\/wp-json\/wp\/v2\/pages\/1051\/revisions"}],"predecessor-version":[{"id":2011,"href":"https:\/\/retrosystem.eu\/de\/wp-json\/wp\/v2\/pages\/1051\/revisions\/2011"}],"wp:featuredmedia":[{"embeddable":true,"href":"https:\/\/retrosystem.eu\/de\/wp-json\/wp\/v2\/media\/938"}],"wp:attachment":[{"href":"https:\/\/retrosystem.eu\/de\/wp-json\/wp\/v2\/media?parent=1051"}],"curies":[{"name":"wp","href":"https:\/\/api.w.org\/{rel}","templated":true}]}}